{"id":43,"date":"2023-08-21T13:58:12","date_gmt":"2023-08-21T11:58:12","guid":{"rendered":"http:\/\/www.orchiebalene.de\/?page_id=43"},"modified":"2024-04-25T11:05:58","modified_gmt":"2024-04-25T09:05:58","slug":"kontakt","status":"publish","type":"page","link":"https:\/\/www.orchiebalene.de\/index.php\/kontakt\/","title":{"rendered":"Kontakt"},"content":{"rendered":"\n<p>Um \u00fcber aktuelle Konzerte immer auf dem Laufenden zu sein, kann uns hier eine E-Mail-Adresse \u00fcbersendet werden.\u00a0Wir versenden dann eine Einladung, sobald ein neues Programm und die Termine feststehen.<\/p>\n\n\n\n<p>\u00dcber dieses Formular k\u00f6nnen uns auch gerne andere Mitteilungen geschrieben werden.<\/p>\n\n\n\n<p>Nat\u00fcrlich werden alle Daten den allgemeinen <a href=\"http:\/\/www.orchiebalene.de\/index.php\/datenschutzerklaerung\/\" data-type=\"page\" data-id=\"3\">Datenschutzrichtlinien <\/a>gem\u00e4\u00df&nbsp;vertraulich behandelt.<\/p>\n\n\n\n<div class=\"wp-block-contact-form-7-contact-form-selector\">\n<div class=\"wpcf7 no-js\" id=\"wpcf7-f46-o1\" lang=\"de-DE\" dir=\"ltr\" data-wpcf7-id=\"46\">\n<div class=\"screen-reader-response\"><p role=\"status\" aria-live=\"polite\" aria-atomic=\"true\"><\/p> <ul><\/ul><\/div>\n<form action=\"\/index.php\/wp-json\/wp\/v2\/pages\/43#wpcf7-f46-o1\" method=\"post\" class=\"wpcf7-form init\" aria-label=\"Kontaktformular\" novalidate=\"novalidate\" data-status=\"init\">\n<fieldset class=\"hidden-fields-container\"><input type=\"hidden\" name=\"_wpcf7\" value=\"46\" \/><input type=\"hidden\" name=\"_wpcf7_version\" value=\"6.1.5\" \/><input type=\"hidden\" name=\"_wpcf7_locale\" value=\"de_DE\" \/><input type=\"hidden\" name=\"_wpcf7_unit_tag\" value=\"wpcf7-f46-o1\" \/><input type=\"hidden\" name=\"_wpcf7_container_post\" value=\"0\" \/><input type=\"hidden\" name=\"_wpcf7_posted_data_hash\" value=\"\" \/>\n<\/fieldset>\n<p><label> Dein Name<br \/>\n<span class=\"wpcf7-form-control-wrap\" data-name=\"your-name\"><input size=\"40\" maxlength=\"400\" class=\"wpcf7-form-control wpcf7-text wpcf7-validates-as-required\" autocomplete=\"name\" aria-required=\"true\" aria-invalid=\"false\" value=\"\" type=\"text\" name=\"your-name\" \/><\/span> <\/label>\n<\/p>\n<p><label> Deine E-Mail-Adresse<br \/>\n<span class=\"wpcf7-form-control-wrap\" data-name=\"your-email\"><input size=\"40\" maxlength=\"400\" class=\"wpcf7-form-control wpcf7-email wpcf7-validates-as-required wpcf7-text wpcf7-validates-as-email\" autocomplete=\"email\" aria-required=\"true\" aria-invalid=\"false\" value=\"\" type=\"email\" name=\"your-email\" \/><\/span> <\/label>\n<\/p>\n<p><label> Betreff<br \/>\n<span class=\"wpcf7-form-control-wrap\" data-name=\"your-subject\"><input size=\"40\" maxlength=\"400\" class=\"wpcf7-form-control wpcf7-text wpcf7-validates-as-required\" aria-required=\"true\" aria-invalid=\"false\" value=\"\" type=\"text\" name=\"your-subject\" \/><\/span> <\/label>\n<\/p>\n<p><label> Deine Nachricht (optional)<br \/>\n<span class=\"wpcf7-form-control-wrap\" data-name=\"your-message\"><textarea cols=\"40\" rows=\"10\" maxlength=\"2000\" class=\"wpcf7-form-control wpcf7-textarea\" aria-invalid=\"false\" name=\"your-message\"><\/textarea><\/span> <\/label>\n<\/p>\n<p> Anti-Spam-Frage: <span class=\"wpcf7-form-control-wrap\" data-name=\"Anti-Spam-Frage\"><label><span class=\"wpcf7-quiz-label\">Wie hei\u00dft der Komponist der Winterreise mit Vornamen?<\/span> <input size=\"40\" maxlength=\"6\" minlength=\"3\" class=\"wpcf7-form-control wpcf7-quiz\" id=\"quiz\" autocomplete=\"off\" aria-required=\"true\" aria-invalid=\"false\" type=\"text\" name=\"Anti-Spam-Frage\" \/><\/label><input type=\"hidden\" name=\"_wpcf7_quiz_answer_Anti-Spam-Frage\" value=\"849deb6a4491be7ec5581f956f9f8170\" \/><\/span>\n<\/p>\n<p><input class=\"wpcf7-form-control wpcf7-submit has-spinner\" type=\"submit\" value=\"Senden\" \/>\n<\/p><p style=\"display: none !important;\" class=\"akismet-fields-container\" data-prefix=\"_wpcf7_ak_\"><label>&#916;<textarea name=\"_wpcf7_ak_hp_textarea\" cols=\"45\" rows=\"8\" maxlength=\"100\"><\/textarea><\/label><input type=\"hidden\" id=\"ak_js_1\" name=\"_wpcf7_ak_js\" value=\"47\"\/><script>document.getElementById( \"ak_js_1\" ).setAttribute( \"value\", ( new Date() ).getTime() );<\/script><\/p><div class=\"wpcf7-response-output\" aria-hidden=\"true\"><\/div>\n<\/form>\n<\/div>\n<\/div>\n\n\n\n<h2 class=\"wp-block-heading\" id=\"ZumNamen\">Zum Namen des Ensembles<\/h2>\n\n\n\n<h4 class=\"wp-block-heading\">Beeilt euch, Wale und Schwertwale<\/h4>\n\n\n\n<p>Der Name des Kammerchores entstammt \u00fcbrigens dem Madrigalzyklus <em>Lamento d\u2019Arianna<\/em> von Claudio Monteverdi. Nachdem Ariadne von Theseus auf der Insel Naxos zur\u00fcckgelassen wurde, w\u00fcnscht sie sich \u2013 zwischen Wehmut, Verzweiflung und Wut hin und hergerissen \u2013 er m\u00f6ge von den Ungeheuern des Meeres verschlungen werden: &#8220; <em>\u2026 correte orchi e balene e de le membr\u2019immonde empiete le voragini profonde!<\/em>&#8222;<\/p>\n","protected":false},"excerpt":{"rendered":"<p>Um \u00fcber aktuelle Konzerte immer auf dem Laufenden zu sein, kann uns hier eine E-Mail-Adresse \u00fcbersendet werden.\u00a0Wir versenden dann eine Einladung, sobald ein neues Programm und die Termine feststehen. \u00dcber dieses Formular k\u00f6nnen uns auch gerne andere Mitteilungen geschrieben werden. Nat\u00fcrlich werden alle Daten den allgemeinen Datenschutzrichtlinien gem\u00e4\u00df&nbsp;vertraulich behandelt. Zum Namen des Ensembles Beeilt euch,&hellip; <a class=\"more-link\" href=\"https:\/\/www.orchiebalene.de\/index.php\/kontakt\/\"><span class=\"screen-reader-text\">Kontakt<\/span> weiterlesen<\/a><\/p>\n","protected":false},"author":1,"featured_media":0,"parent":0,"menu_order":0,"comment_status":"closed","ping_status":"closed","template":"","meta":{"footnotes":""},"class_list":["post-43","page","type-page","status-publish","hentry","entry"],"_links":{"self":[{"href":"https:\/\/www.orchiebalene.de\/index.php\/wp-json\/wp\/v2\/pages\/43","targetHints":{"allow":["GET"]}}],"collection":[{"href":"https:\/\/www.orchiebalene.de\/index.php\/wp-json\/wp\/v2\/pages"}],"about":[{"href":"https:\/\/www.orchiebalene.de\/index.php\/wp-json\/wp\/v2\/types\/page"}],"author":[{"embeddable":true,"href":"https:\/\/www.orchiebalene.de\/index.php\/wp-json\/wp\/v2\/users\/1"}],"replies":[{"embeddable":true,"href":"https:\/\/www.orchiebalene.de\/index.php\/wp-json\/wp\/v2\/comments?post=43"}],"version-history":[{"count":5,"href":"https:\/\/www.orchiebalene.de\/index.php\/wp-json\/wp\/v2\/pages\/43\/revisions"}],"predecessor-version":[{"id":85,"href":"https:\/\/www.orchiebalene.de\/index.php\/wp-json\/wp\/v2\/pages\/43\/revisions\/85"}],"wp:attachment":[{"href":"https:\/\/www.orchiebalene.de\/index.php\/wp-json\/wp\/v2\/media?parent=43"}],"curies":[{"name":"wp","href":"https:\/\/api.w.org\/{rel}","templated":true}]}}