{"id":6,"date":"2023-08-03T17:31:23","date_gmt":"2023-08-03T15:31:23","guid":{"rendered":"http:\/\/www.orchiebalene.de\/?page_id=6"},"modified":"2026-04-16T12:07:57","modified_gmt":"2026-04-16T10:07:57","slug":"kammerchor-orchi-e-balene","status":"publish","type":"page","link":"https:\/\/www.orchiebalene.de\/","title":{"rendered":"Home"},"content":{"rendered":"\n<h2 class=\"wp-block-heading\">Aktuelles Programm<\/h2>\n\n\n\n<figure class=\"wp-block-gallery has-nested-images columns-default is-cropped wp-block-gallery-1 is-layout-flex wp-block-gallery-is-layout-flex\">\n<figure class=\"wp-block-image size-large\"><img loading=\"lazy\" decoding=\"async\" width=\"879\" height=\"540\" data-id=\"172\" src=\"https:\/\/www.orchiebalene.de\/wp-content\/uploads\/2026\/03\/canti_sacri-WEB.jpg\" alt=\"\" class=\"wp-image-172\" srcset=\"https:\/\/www.orchiebalene.de\/wp-content\/uploads\/2026\/03\/canti_sacri-WEB.jpg 879w, https:\/\/www.orchiebalene.de\/wp-content\/uploads\/2026\/03\/canti_sacri-WEB-300x184.jpg 300w, https:\/\/www.orchiebalene.de\/wp-content\/uploads\/2026\/03\/canti_sacri-WEB-768x472.jpg 768w\" sizes=\"auto, (max-width: 879px) 100vw, 879px\" \/><\/figure>\n<\/figure>\n\n\n\n<p>Mehr als 100 Opern und 600 Kammerkantaten hat <strong>Alessandro Scarlatti<\/strong> (1660\u20131725) geschaffen, neben Instrumentalmusik, einer Johannespassion, zahlreichen Oratorien, Messen und Psalmvertonungen. Durch neue Impulse hat er den italienischen Hochbarock wesentlich mitgepr\u00e4gt. In Rom entstandene Kirchenmusik nimmt teilweise ausdr\u00fccklich auf die Vokalpolyphonie der Renaissance Bezug \u2013 selbst Scarlattis Handschrift imitiert hier das alte Notenbild. Aber gerade auch diese St\u00fccke sind harmonisch oft derart k\u00fchn und \u00fcberraschend, dass etwas vollkommen Neues dabei entsteht. Der <strong>kammerchor orchi e balene<\/strong> bringt mit einer Messe, einem Ave maris stella und vier Psalm-Motetten eine Auswahl vierstimmiger Kompositionen zur Auff\u00fchrung.<\/p>\n\n\n\n<p>Andreas Arend \u2013 Theorbe<br>Eva Schulze \u2013 Orgel<br>Markus Wettstein \u2013 Leitung<\/p>\n\n\n\n<p><strong>Mo 18.5.2026, 20 Uhr<\/strong><br>Kirche St. Canisius, Witzlebenstra\u00dfe 30, 14057 Berlin-Charlottenburg<\/p>\n\n\n\n<p><strong>Di 19.5.2026, 19:30 Uhr<\/strong><br><a href=\"https:\/\/www.lankwitzer-kirchengemeinden.de\/unsere-gemeinden\/dreifaltigkeitskirchengemeinde\/aktuelle-veranstaltungen\" target=\"_blank\">Dreifaltigkeitskirche Lankwitz<\/a>, Paul-Schneider-Stra\u00dfe \/ Ecke Kaiser-Wilhelm-Stra\u00dfe, 12249 Berlin-Steglitz<\/p>\n\n\n\n<p>Eintritt frei \u2013 Spenden willkommen<\/p>\n\n\n\n<p><\/p>\n","protected":false},"excerpt":{"rendered":"<p>Aktuelles Programm Mehr als 100 Opern und 600 Kammerkantaten hat Alessandro Scarlatti (1660\u20131725) geschaffen, neben Instrumentalmusik, einer Johannespassion, zahlreichen Oratorien, Messen und Psalmvertonungen. Durch neue Impulse hat er den italienischen Hochbarock wesentlich mitgepr\u00e4gt. In Rom entstandene Kirchenmusik nimmt teilweise ausdr\u00fccklich auf die Vokalpolyphonie der Renaissance Bezug \u2013 selbst Scarlattis Handschrift imitiert hier das alte Notenbild.&hellip; <a class=\"more-link\" href=\"https:\/\/www.orchiebalene.de\/\"><span class=\"screen-reader-text\">Home<\/span> weiterlesen<\/a><\/p>\n","protected":false},"author":1,"featured_media":0,"parent":0,"menu_order":1,"comment_status":"closed","ping_status":"closed","template":"","meta":{"footnotes":""},"class_list":["post-6","page","type-page","status-publish","hentry","entry"],"_links":{"self":[{"href":"https:\/\/www.orchiebalene.de\/index.php\/wp-json\/wp\/v2\/pages\/6","targetHints":{"allow":["GET"]}}],"collection":[{"href":"https:\/\/www.orchiebalene.de\/index.php\/wp-json\/wp\/v2\/pages"}],"about":[{"href":"https:\/\/www.orchiebalene.de\/index.php\/wp-json\/wp\/v2\/types\/page"}],"author":[{"embeddable":true,"href":"https:\/\/www.orchiebalene.de\/index.php\/wp-json\/wp\/v2\/users\/1"}],"replies":[{"embeddable":true,"href":"https:\/\/www.orchiebalene.de\/index.php\/wp-json\/wp\/v2\/comments?post=6"}],"version-history":[{"count":35,"href":"https:\/\/www.orchiebalene.de\/index.php\/wp-json\/wp\/v2\/pages\/6\/revisions"}],"predecessor-version":[{"id":184,"href":"https:\/\/www.orchiebalene.de\/index.php\/wp-json\/wp\/v2\/pages\/6\/revisions\/184"}],"wp:attachment":[{"href":"https:\/\/www.orchiebalene.de\/index.php\/wp-json\/wp\/v2\/media?parent=6"}],"curies":[{"name":"wp","href":"https:\/\/api.w.org\/{rel}","templated":true}]}}