{"id":74,"date":"2024-04-25T10:01:07","date_gmt":"2024-04-25T08:01:07","guid":{"rendered":"http:\/\/www.orchiebalene.de\/?page_id=74"},"modified":"2026-04-11T00:11:16","modified_gmt":"2026-04-10T22:11:16","slug":"vergangene-konzerte","status":"publish","type":"page","link":"https:\/\/www.orchiebalene.de\/index.php\/vergangene-konzerte\/","title":{"rendered":"Vergangene Konzerte"},"content":{"rendered":"\n<figure class=\"wp-block-image size-full\"><img loading=\"lazy\" decoding=\"async\" width=\"558\" height=\"395\" src=\"http:\/\/www.orchiebalene.de\/wp-content\/uploads\/2025\/06\/solfeggio.png\" alt=\"\" class=\"wp-image-137\" srcset=\"https:\/\/www.orchiebalene.de\/wp-content\/uploads\/2025\/06\/solfeggio.png 558w, https:\/\/www.orchiebalene.de\/wp-content\/uploads\/2025\/06\/solfeggio-300x212.png 300w\" sizes=\"auto, (max-width: 558px) 100vw, 558px\" \/><\/figure>\n\n\n\n<h3 class=\"wp-block-heading\">Solfeggio<\/h3>\n\n\n\n<p>Die Tonleiter zog sich als roter Faden durch dieses Konzertprogramm.&nbsp;<strong>Arvo P\u00e4rt<\/strong>&nbsp;(*1935)&nbsp;und&nbsp;<strong>Josquin Desprez<\/strong>&nbsp;(um 1450 bis 1521) haben ihr mit&nbsp;<em>Solfeggio<\/em>&nbsp;und&nbsp;<em>Ut Phoebi radiis<\/em>&nbsp;jeweils ein ganzes St\u00fcck gewidmet. Sie bildet das R\u00fcckgrat von Josquins dreiteiligem<em>&nbsp;Miserere<\/em>&nbsp;und ist \u2013 zusammen mit dem Dreiklang \u2013 das Material, aus dem P\u00e4rt seine musikalischen Texturen webt. Die f\u00fcnf S\u00e4tze von P\u00e4rts&nbsp;<em>Berliner Messe<\/em>&nbsp;wurden im Wechsel mit Motetten von Josquin gesungen, die \u2013 neben dem gro\u00dfen Bu\u00dfpsalm Davids \u2013 die Marienverehrung zum Thema haben.<\/p>\n\n\n\n<p><strong>kammerchor orchi e balene<\/strong><br>Alexander Moosbrugger \u2013 Orgel<br>Markus Wettstein \u2013 Leitung<\/p>\n\n\n\n<p><strong>Mi 18. Juni 2025, St.-Lukas-Kirche <\/strong><br>Bernburger Stra\u00dfe 3-5 \u2502 Berlin-Kreuzberg<\/p>\n\n\n\n<p><strong>Fr 20. Juni 2025, Heilige-Geist-Kirche<\/strong><br>Perleberger Stra\u00dfe&nbsp;36 \u2502 Berlin-Moabit<\/p>\n\n\n\n<p><strong>Mo 13. Oktober 2025, Pfarrkirche Wei\u00dfensee<\/strong><br>Berliner Allee 184 \u2502 Berlin-Wei\u00dfensee<\/p>\n\n\n\n<p><\/p>\n\n\n\n<figure class=\"wp-block-image\"><img loading=\"lazy\" decoding=\"async\" width=\"564\" height=\"402\" src=\"https:\/\/www.orchiebalene.de\/wp-content\/uploads\/2024\/09\/Folie1.jpg\" alt=\"\" class=\"wp-image-108\" srcset=\"https:\/\/www.orchiebalene.de\/wp-content\/uploads\/2024\/09\/Folie1.jpg 564w, https:\/\/www.orchiebalene.de\/wp-content\/uploads\/2024\/09\/Folie1-300x214.jpg 300w\" sizes=\"auto, (max-width: 564px) 100vw, 564px\" \/><\/figure>\n\n\n\n<p><\/p>\n\n\n\n<h3 class=\"wp-block-heading\">Raffaella Aleotti, Sacrae Cantiones<\/h3>\n\n\n\n<p><strong>Vittoria Raffaella Aleotti<\/strong>, die Tochter eines angesehenen Architekten und Ingenieurs, war 18 Jahre alt, als 1593 in Venedig gleich zwei Sammlungen ihrer Kompositionen ver\u00f6ffentlicht wurden: 21 vierstimmige Madrigale unter ihrem Taufnamen&nbsp;<em>Vittoria&nbsp;<\/em>und der Motettenband&nbsp;<strong>Sacrae Cantiones<\/strong>&nbsp;unter ihrem Ordensnamen&nbsp;<em>Raffaella<\/em>. Im selben Jahr entschloss sich die Novizin, endg\u00fcltig ins Nonnenkloster&nbsp;<em>San Vito&nbsp;<\/em>in Ferrara einzutreten. Die Schwestern beschr\u00e4nkten sich dort nicht auf das Singen und Orgelspielen; Zeitzeugen berichten von Zinken, Posaunen, Violinen, Viole bastarde, Doppelharfen, Lauten, Cornamusen, Fl\u00f6ten und Cembalo und r\u00fchmen den beinah \u00fcberirdischen Klang des Ensembles.<\/p>\n\n\n\n<p><strong>Di 08.10.2024, 20 Uhr<\/strong><br>St. Lukas Kirche \u2013 WillkommensGemeinde (Berliner Stadtmission)<br>Bernburger Stra\u00dfe 3\u20135, 10963 Berlin<\/p>\n\n\n\n<p><strong>Mi 09.10.2024, 20 Uhr<\/strong><br>St. Jacobi Berlin \u2013 Kreuzberg <br>Oranienstra\u00dfe 132, 10969 Berlin<\/p>\n\n\n\n<p><\/p>\n\n\n\n<figure class=\"wp-block-image size-full\"><img loading=\"lazy\" decoding=\"async\" width=\"582\" height=\"420\" src=\"http:\/\/www.orchiebalene.de\/wp-content\/uploads\/2023\/12\/Folie1.jpg\" alt=\"Konzertmotiv: Hochzeitsbild von Fernando de Arag\u00f3n und Isabel de Castilla, versehen mit dem Konzerttitel, Chorbezeichnung kamerchor orchi e balene und Chorleitung Markus Wettstein\" class=\"wp-image-61\" srcset=\"https:\/\/www.orchiebalene.de\/wp-content\/uploads\/2023\/12\/Folie1.jpg 582w, https:\/\/www.orchiebalene.de\/wp-content\/uploads\/2023\/12\/Folie1-300x216.jpg 300w\" sizes=\"auto, (max-width: 582px) 100vw, 582px\" \/><\/figure>\n\n\n\n<h3 class=\"wp-block-heading\">A los ba\u00f1os del amor \u2013 <em>All fake!<\/em><\/h3>\n\n\n\n<p>Liebeslieder, Totenklagen, derbe Spott- und Trinklieder \u2013 weit mehr als 500 Kompositionen wurden im <strong>Cancionero de Palacio<\/strong> zusammengetragen. Die Sammlung der Katholischen K\u00f6nige von Kastilien und Arag\u00f3n enth\u00e4lt St\u00fccke von gut 50 Komponisten, die an der Schwelle zum 16. Jahrhundert entstanden und sehr unterschiedlich geartet sind: Kunstvoll gearbeitete Polyphonie trifft auf schlichte Dreistimmigkeit, die ebenso gut aus dem Stegreif erfunden sein k\u00f6nnte, karnevaleske Wechselges\u00e4nge auf tief traurige Schreitt\u00e4nze.<\/p>\n\n\n\n<p>Der <strong>kammerchor orchi e balene<\/strong> verbindet sie zu einer archaischen Klanglandschaft, in der nicht alles streng historisch verl\u00e4uft.<\/p>\n\n\n\n<p><strong>Sa 27.1.2024, 19:00<\/strong><br>St. Lukas Kirche \u2013 WillkommensGemeinde (Berliner Stadtmission)<br>Bernburger Str. 3-5, 10963 Berlin<\/p>\n\n\n\n<p><strong>So&nbsp;28.1.2024, 17:00 Uhr&nbsp;<\/strong><br>\u00d6lberg-Kirche \u2013 Ev. Emmaus-\u00d6lberg-Kirchengemeinde<br>Paul-Lincke-Ufer 29, 10999 Berlin<br><a rel=\"noreferrer noopener\" href=\"https:\/\/www.visitberlin.de\/de\/event\/los-banos-del-amor-all-fake\" target=\"_blank\">https:\/\/www.visitberlin.de\/de\/event\/los-banos-del-amor-all-fake<\/a><\/p>\n\n\n\n<figure class=\"wp-block-image size-full\"><img loading=\"lazy\" decoding=\"async\" width=\"553\" height=\"712\" src=\"http:\/\/www.orchiebalene.de\/wp-content\/uploads\/2023\/08\/Cancionero_de_Palacio.png\" alt=\"\" class=\"wp-image-30\" srcset=\"https:\/\/www.orchiebalene.de\/wp-content\/uploads\/2023\/08\/Cancionero_de_Palacio.png 553w, https:\/\/www.orchiebalene.de\/wp-content\/uploads\/2023\/08\/Cancionero_de_Palacio-233x300.png 233w\" sizes=\"auto, (max-width: 553px) 100vw, 553px\" \/><figcaption class=\"wp-element-caption\">Handschrift aus dem Cancionero de Palacio<\/figcaption><\/figure>\n\n\n\n<hr class=\"wp-block-separator has-alpha-channel-opacity\"\/>\n\n\n\n<figure class=\"wp-block-image size-full\"><img loading=\"lazy\" decoding=\"async\" width=\"561\" height=\"392\" src=\"http:\/\/www.orchiebalene.de\/wp-content\/uploads\/2024\/04\/Ockeghem-Strawinsky.png\" alt=\"\" class=\"wp-image-92\" srcset=\"https:\/\/www.orchiebalene.de\/wp-content\/uploads\/2024\/04\/Ockeghem-Strawinsky.png 561w, https:\/\/www.orchiebalene.de\/wp-content\/uploads\/2024\/04\/Ockeghem-Strawinsky-300x210.png 300w\" sizes=\"auto, (max-width: 561px) 100vw, 561px\" \/><\/figure>\n\n\n\n<h3 class=\"wp-block-heading\">Strawinsky MASS | MISSA Ockeghem <\/h3>\n\n\n\n<p>Fast 500 Jahre Musikgeschichte liegen zwischen den beiden Vertonungen des lateinischen Messtextes: <strong>Ockeghems<\/strong> <em>Missa au travail suis<\/em> baut auf dem gleichnamigen Liebeslied auf, dessen Melodie in allen vier Stimmen immer wieder aufscheint. Das bereits im amerikanischen Exil entstandene Werk von <strong>Strawinsky<\/strong> weist, als erkl\u00e4rter Gegenentwurf zu den s\u00fc\u00dflichen Messvertonungen der Klassik und Romantik, viele Bez\u00fcge zur Musik der Renaissance und des Mittelalters auf.<br>Ein St\u00fcck f\u00fcr zwei Klaviere im Stil der amerikanischen <strong>Minimal Music<\/strong> wurde ausschlie\u00dflich aus Fragmenten der beiden Messen gewonnen.<\/p>\n\n\n\n<p>Johannes Ockeghem (um 1420-1497) \u2013 <strong>Missa au travail suis<br><\/strong>Igor Strawinsky (1882-1971) \u2013 <strong>Messe<br><\/strong>Markus Wettstein \u2013 <strong>At Work with O &amp; S<\/strong><\/p>\n\n\n\n<p><strong>kammerchor orchi e balene<\/strong><\/p>\n\n\n\n<p>Uwe Streibel und Florian Wilkes \u2013 Klavier<br>Markus Wettstein \u2013 Leitung<\/p>\n\n\n\n<p>Samstag, <strong>25. M\u00e4rz 2023 19:00 Uhr <\/strong>\u2502 <strong>Heilig-Geist-Kirche<\/strong>, Perleberger Stra\u00dfe 36,Berlin-Moabit<\/p>\n\n\n\n<p>Sonntag, <strong>26. M\u00e4rz 2023 17:00 Uhr <\/strong>\u2502 <strong>St. Lukaskirche<\/strong>, Bernburger Stra\u00dfe 3, Berlin-Kreuzberg<\/p>\n\n\n\n<hr class=\"wp-block-separator has-alpha-channel-opacity\"\/>\n\n\n\n<figure class=\"wp-block-image size-large\"><img loading=\"lazy\" decoding=\"async\" width=\"1024\" height=\"671\" src=\"http:\/\/www.orchiebalene.de\/wp-content\/uploads\/2024\/04\/image-1024x671.png\" alt=\"\" class=\"wp-image-95\" srcset=\"https:\/\/www.orchiebalene.de\/wp-content\/uploads\/2024\/04\/image-1024x671.png 1024w, https:\/\/www.orchiebalene.de\/wp-content\/uploads\/2024\/04\/image-300x197.png 300w, https:\/\/www.orchiebalene.de\/wp-content\/uploads\/2024\/04\/image-768x503.png 768w, https:\/\/www.orchiebalene.de\/wp-content\/uploads\/2024\/04\/image.png 1280w\" sizes=\"auto, (max-width: 1024px) 100vw, 1024px\" \/><\/figure>\n\n\n\n<h3 class=\"wp-block-heading\">Johannes Ockeghem: Missa <em>Au travail suis<\/em><\/h3>\n\n\n\n<p>Wir singen die Missa <em>Au travail suis <\/em>des frankofl\u00e4mischen Renaissancemeisters Johannes Ockeghem&nbsp;(um 1420-1497). Ein dreistimmiges Rondeau des Zeitgenossen Barbinguant bildet das R\u00fcckgrat der gesamten Komposition: Die weltliche Liedmelodie wird im Kyrie vom Tenor vollst\u00e4ndig zitiert und scheint auch im weiteren Verlauf der Messe immer wieder durch &#8211; am deutlichsten am Anfang eines jeden Satzes. Mehrmals kommt es zu Stellen, die \u00fcberraschend aus der ruhigen Grundstimmung ausbrechen: durch schnelle Notenwerte und bizarre Rhythmen, oder auch durch Passagen, in denen die Zeit stillzustehen scheint.<\/p>\n\n\n\n<p>Eine Welt f\u00fcr sich, erschaffen vor rund 550 Jahren. \u2013 Wer in sie eintaucht, kann dem schnelllebigen Alltag f\u00fcr eine Weile entfliehen.<\/p>\n\n\n\n<p><strong>19. November 2022 &#8211;&nbsp;17:00 Uhr<\/strong><br>St.-Lukaskirche \u2502 Bernburger Stra\u00dfe 3 \u2502 10963 Berlin-Kreuzberg<br><em>Kleines Werkstattkonzert<\/em><\/p>\n\n\n\n<p><strong>20. November 2022 &#8211; 15:30 Uhr<\/strong><br>Kapelle des Alten St.-Matth\u00e4us-Kirchhofs \u2502 Gro\u00dfg\u00f6rschenstra\u00dfe 12 \u2502 10829 Berlin-Sch\u00f6neberg<br><em>Andacht zum Ewigkeitssonntag mit Pfarrer Burkhard Bornemann<\/em><\/p>\n\n\n\n<hr class=\"wp-block-separator has-alpha-channel-opacity\"\/>\n\n\n\n<figure class=\"wp-block-image size-full\"><img loading=\"lazy\" decoding=\"async\" width=\"559\" height=\"397\" src=\"http:\/\/www.orchiebalene.de\/wp-content\/uploads\/2024\/04\/in_Not.png\" alt=\"Konzertmotiv: farbig in \u00d6l gemalte B\u00fcste eines alten nachdenklichen Mannes, BEschriftung: in Not, kammerchor orchi e balene und BEsetzung des Konzerts\" class=\"wp-image-86\" srcset=\"https:\/\/www.orchiebalene.de\/wp-content\/uploads\/2024\/04\/in_Not.png 559w, https:\/\/www.orchiebalene.de\/wp-content\/uploads\/2024\/04\/in_Not-300x213.png 300w\" sizes=\"auto, (max-width: 559px) 100vw, 559px\" \/><\/figure>\n\n\n\n<h3 class=\"wp-block-heading\">in Not<\/h3>\n\n\n\n<p>Ausgehend von zwei gro\u00dfen Vokalkompositionen des 16. und 17. Jahrhunderts besch\u00e4ftigt sich der <strong>kammerchor orchi e balene<\/strong> mit Notsituationen: Bei <strong>Orlando di Lasso<\/strong> handelt es sich um die Zerst\u00f6rung Jerusalems 587 vor Christus, wie sie in den Klageliedern Jeremias beschrieben wird.&nbsp;Bei<strong> Claudio Monteverdi<\/strong> ist es der pl\u00f6tzliche Tod der Geliebten, den Glaukos am Grab von Corinna beweint. Zur Urauff\u00fchrung gelangt eine Komposition f\u00fcr achtstimmigen Doppelchor von <strong>Markus Wettstein<\/strong>, die auf Handlungsanweisungen der Katastrophenhilfe bei Waldbrand, Erdbeben, Tornado und Tsunami zur\u00fcckgeht.<\/p>\n\n\n\n<h4 class=\"wp-block-heading\">Programm<\/h4>\n\n\n\n<p>Orlando di Lasso (1532-1594)<br><strong>Hieremiae<\/strong> <strong>prophetae<\/strong> <strong>lamentationes&nbsp;&nbsp;<\/strong>quatuor vocum<\/p>\n\n\n\n<p>Claudio Monteverdi (1567-1643)<br><strong>Sestina&nbsp;&nbsp;<\/strong>Lagrime d\u2019Amante al Sepolcro dell\u2019Amata<\/p>\n\n\n\n<p>Markus Wettstein (*1963)<br><strong>notlagen&nbsp;&nbsp;<\/strong>brand \u2013 beben \u2013 sturm \u2013 flut&nbsp;&nbsp;(UA)<\/p>\n\n\n\n<p><strong>kammerchor orchi e balene<\/strong> <br>Eva Schulze \u2013 Orgel<br>Cesar Queruz \u2013 Theorbe<br>Markus Wettstein \u2013 Leitung<\/p>\n\n\n\n<hr class=\"wp-block-separator has-alpha-channel-opacity\"\/>\n\n\n\n<figure class=\"wp-block-image size-full\"><img loading=\"lazy\" decoding=\"async\" width=\"558\" height=\"396\" src=\"http:\/\/www.orchiebalene.de\/wp-content\/uploads\/2024\/04\/Tobe_Welt.png\" alt=\"Konzertmotiv:in Junger Jude als Christus von Rembrandt mit Beschriftung der Konzertdaten\" class=\"wp-image-87\" srcset=\"https:\/\/www.orchiebalene.de\/wp-content\/uploads\/2024\/04\/Tobe_Welt.png 558w, https:\/\/www.orchiebalene.de\/wp-content\/uploads\/2024\/04\/Tobe_Welt-300x213.png 300w\" sizes=\"auto, (max-width: 558px) 100vw, 558px\" \/><\/figure>\n\n\n\n<h3 class=\"wp-block-heading\">Tobe, Welt, und springe&#8230;<\/h3>\n\n\n\n<p>Johann Sebastian Bach hat von seinem Vater Johann Ambrosius ein Archiv \u00fcbernommen, in dem dieser St\u00fccke \u00e4lterer Familienmitglieder zusammengetragen hatte. Er hat die Sammlung in Ehren gehalten, ganz offensichtlich Impulse f\u00fcr sein eigenes Komponieren daraus bezogen und sie schlie\u00dflich an seinen Sohn Carl Philipp Emanuel weitervererbt. Der kammerchor <strong>orchi<\/strong><strong> e <\/strong><strong>balene<\/strong> hat daraus f\u00fcnf eindr\u00fcckliche Kompositionen ausgew\u00e4hlt und mit der deutlich umfangreicheren Motette <strong>Jesu, meine Freude<\/strong> von Johann Sebastian Bach kombiniert.<\/p>\n\n\n\n<h4 class=\"wp-block-heading\">Programm<\/h4>\n\n\n\n<p>Johann Bach (1604-1673): Unser Leben ist ein Schatten<\/p>\n\n\n\n<p>Johann Michael Bach (1648-1694): Halt, was du hast<\/p>\n\n\n\n<p>Johann Michael Bach: Herr, ich warte auf dein Heil<\/p>\n\n\n\n<p>Johann Christoph Bach (1642-1703): F\u00fcrchte dich nicht<\/p>\n\n\n\n<p>Johann Christoph Bach: Der Gerechte, ob er gleich zu zeitig stirbt<\/p>\n\n\n\n<p>Johann Sebastian Bach (1685-1750): Jesu, meine Freude<\/p>\n\n\n\n<p><strong>kammerchor orchi e balene<\/strong> <br>Eva Schulze \u2013 Orgel<br>Waltraut Gumz \u2013 Violone<br>Markus Wettstein \u2013 Leitung<\/p>\n\n\n\n<hr class=\"wp-block-separator has-alpha-channel-opacity\"\/>\n\n\n\n<figure class=\"wp-block-image size-full\"><img loading=\"lazy\" decoding=\"async\" width=\"875\" height=\"620\" src=\"http:\/\/www.orchiebalene.de\/wp-content\/uploads\/2024\/04\/Charpentier.png\" alt=\"Konzertmotiv: \u00d6lgem\u00e4lde mit Kriegern, die von einem K\u00f6nig Brote \u00fcberreicht bekommen und Beschriftung der Konzertdaten\" class=\"wp-image-88\" srcset=\"https:\/\/www.orchiebalene.de\/wp-content\/uploads\/2024\/04\/Charpentier.png 875w, https:\/\/www.orchiebalene.de\/wp-content\/uploads\/2024\/04\/Charpentier-300x213.png 300w, https:\/\/www.orchiebalene.de\/wp-content\/uploads\/2024\/04\/Charpentier-768x544.png 768w\" sizes=\"auto, (max-width: 875px) 100vw, 875px\" \/><\/figure>\n\n\n\n<h3 class=\"wp-block-heading\">Marc-Antoine Charpentier \u2013 V\u00eapres pour les oubli\u00e9es<\/h3>\n\n\n\n<p>Viel zu lange fand <strong>Marc-Antoine Charpentier <\/strong>(1643-1704) wenig Beachtung. Bereits zu Lebzeiten im Schatten der M\u00e4chtigen, schuf er als Musiklehrer und Kapellmeister an einem Jesuitenkolleg in Paris rund 500 geistliche Werke von h\u00f6chster musikalischer Qualit\u00e4t, die \u2013 je nach ihrem textlichen Inhalt \u2013 vor Freude sprudeln oder in bitteren T\u00f6nen klagen.<\/p>\n\n\n\n<p>Der kammerchor <strong>orchi<\/strong><strong> e <\/strong><strong>balene<\/strong> gestaltet \u2013 mit Solisten und Basso continuo \u2013 unter der Leitung von Markus Wettstein eine <strong>musikalische Vesper<\/strong>, die sieben Motetten und ein Magnificat des franz\u00f6sischen Barockkomponisten umfasst. Eine Besonderheit bei dieser Auff\u00fchrung: Die traditionellerweise von der Choralschola vorgetragenen Antiphonen wurden hier durch textgebundene Vokalimprovisationen ersetzt.&nbsp;<\/p>\n\n\n\n<p><strong>kammerchor orchi e balene<\/strong><br>Rosemarie Renneberg \u2013 Dessus | Ulrike G\u00fcnter \u2013 2nd Dessus | Wiebke Rockhoff \u2013 3me Dessus |&nbsp;J\u00f6rg Mathews \u2013 Haute-contre | Mathias M\u00fcller \u2013 Taille | Lars Bahners \u2013 Basse<br>Eva Schulze \u2013 Orgel | Waltraut Gumz&nbsp;\u2013 Viola da gamba<br>Markus Wettstein \u2013 Leitung<\/p>\n\n\n\n<hr class=\"wp-block-separator has-alpha-channel-opacity\"\/>\n\n\n\n<figure class=\"wp-block-image size-full\"><img loading=\"lazy\" decoding=\"async\" width=\"558\" height=\"396\" src=\"http:\/\/www.orchiebalene.de\/wp-content\/uploads\/2024\/04\/San_Marco.png\" alt=\"Konzertmotiv: Canalettos Piazza di San Marco a Venezia mit BEschriftung der Konzertdaten \" class=\"wp-image-89\" srcset=\"https:\/\/www.orchiebalene.de\/wp-content\/uploads\/2024\/04\/San_Marco.png 558w, https:\/\/www.orchiebalene.de\/wp-content\/uploads\/2024\/04\/San_Marco-300x213.png 300w\" sizes=\"auto, (max-width: 558px) 100vw, 558px\" \/><\/figure>\n\n\n\n<h3 class=\"wp-block-heading\">Vokalmusik venezianischer Meister<\/h3>\n\n\n\n<p><em>Geistliche Musik von Adrian Willaert,&nbsp;Cipriano de Rore,&nbsp;Claudio Merulo,&nbsp;Giovanni Croce,&nbsp;Giovanni Gabrieli,&nbsp;Claudio Monteverdi,&nbsp;Francesco Cavalli<\/em><\/p>\n\n\n\n<h4 class=\"wp-block-heading\">I maestri di San Marco<\/h4>\n\n\n\n<p>Die Capella Marciana des Markusdoms in Venedig hatte um 1600 einen immensen Einfluss auf die musikalische Entwicklung in ganz Europa. Die Architektur der Basilika legte mit ihren zahlreichen Emporen das Musizieren in mehreren Ch\u00f6ren nahe. Im Miteinander von Stimmen und Instrumenten entfaltete sich ein Klang von enormer Tiefenwirkung und Pracht. Der Kammerchor orchi e balene sp\u00fcrt, gemeinsam mit Solisten und dem Instrumentalensemble le viole d\u2019arianna, der stilistischen Entwicklung nach, die sich hier zwischen 1530 und 1650 abgespielt hat. Es kommen Werke von Adrian Willaert, Cipriano de Rore, Claudio Merulo, Giovanni Gabrieli, Giovanni Croce, Claudio Monterverdi und Francesco Cavalli zur Auff\u00fchrung, die alle am Markusdom t\u00e4tig waren.<\/p>\n\n\n\n<p><strong>kammerchor orchi e balene<\/strong>&nbsp;mit Solisten, Gambenconsort und Basso continuo.<br>Rosemarie Renneberg \u2013 Sopran<br>Hitomi Makino \u2013 Alt<br>Mathias M\u00fcller \u2013 Tenor<br>Lars Bahners \u2013 Bass&nbsp;<br><strong>gambenconsort le viole d\u2019arianna<\/strong><br>Eva Schulze \u2013 Orgel<br>Markus Wettstein \u2013 Leitung<\/p>\n\n\n\n<hr class=\"wp-block-separator has-alpha-channel-opacity\"\/>\n\n\n\n<figure class=\"wp-block-image size-full\"><img loading=\"lazy\" decoding=\"async\" width=\"582\" height=\"419\" src=\"http:\/\/www.orchiebalene.de\/wp-content\/uploads\/2024\/04\/sch3.jpg\" alt=\"Konzertmotiv: Barockes \u00d6lgem\u00e4lde eines bettl\u00e4gerigern Alten mit langem Bart der sich aufgerichtet hat, um eines der zwei Kinder zu segnen, Vater und Mutter stehen and\u00e4chtig dabei, alle adelig gekleidet, versehen mit Beschriftung des Konzerttitels sch3, Gestiliche Musik von Sch\u00fctz, Schein und Scheidt\" class=\"wp-image-90\" srcset=\"https:\/\/www.orchiebalene.de\/wp-content\/uploads\/2024\/04\/sch3.jpg 582w, https:\/\/www.orchiebalene.de\/wp-content\/uploads\/2024\/04\/sch3-300x216.jpg 300w\" sizes=\"auto, (max-width: 582px) 100vw, 582px\" \/><\/figure>\n\n\n\n<h3 class=\"wp-block-heading\">sch\u00b3<\/h3>\n\n\n\n<p><em>Geistliche Musik von Heinrich Sch\u00fctz, Johann Hermann Schein und Samuel Scheidt<\/em><\/p>\n\n\n\n<p>Die drei gro\u00dfen SCH des deutschsprachigen Fr\u00fchbarock: Sie waren in Dresden, Leipzig und Halle t\u00e4tig und wurden in drei aufeinanderfolgenden Jahren geboren. Obwohl Sch\u00fctz als Einziger in Venedig studierte, waren alle drei auf ihre Weise vom italienischen Stil beeinflusst.<\/p>\n\n\n\n<p>Der <strong>kammerchor orchi e balene<\/strong> pr\u00e4sentiert \u2013 mit Solisten, Gambenconsort und Basso continuo \u2013 einen kleinen Querschnitt durch ihr faszinierendes Schaffen: Doppelch\u00f6rige Werke wechseln sich mit f\u00fcnfstimmigen Motetten ab, Geistliche Konzerte mit kunstvollen Choralbearbeitungen. Da die drei Komponisten teilweise dieselben Texte vertont haben, entsteht ein spannendes Geflecht mehrfacher Bez\u00fcge.<\/p>\n\n\n\n<p>Christine Seeberg, Ulrike G\u00fcnter \u2013 Sopran<br>Hitomi Makino \u2013 Alt<br>Mathias M\u00fcller \u2013 Tenor<br>Lars Bahners \u2013 Bass<br><strong>kammerchor orchi e balene&nbsp;&nbsp;&nbsp;&nbsp;&nbsp;<\/strong><br><strong>gambenconsort le viole d\u2019arianna<\/strong><br>Eva Schulze \u2013 Orgel<br>Markus Wettstein \u2013 Leitung&nbsp;<\/p>\n","protected":false},"excerpt":{"rendered":"<p>Solfeggio Die Tonleiter zog sich als roter Faden durch dieses Konzertprogramm.&nbsp;Arvo P\u00e4rt&nbsp;(*1935)&nbsp;und&nbsp;Josquin Desprez&nbsp;(um 1450 bis 1521) haben ihr mit&nbsp;Solfeggio&nbsp;und&nbsp;Ut Phoebi radiis&nbsp;jeweils ein ganzes St\u00fcck gewidmet. Sie bildet das R\u00fcckgrat von Josquins dreiteiligem&nbsp;Miserere&nbsp;und ist \u2013 zusammen mit dem Dreiklang \u2013 das Material, aus dem P\u00e4rt seine musikalischen Texturen webt. Die f\u00fcnf S\u00e4tze von P\u00e4rts&nbsp;Berliner Messe&nbsp;wurden im&hellip; <a class=\"more-link\" href=\"https:\/\/www.orchiebalene.de\/index.php\/vergangene-konzerte\/\"><span class=\"screen-reader-text\">Vergangene Konzerte<\/span> weiterlesen<\/a><\/p>\n","protected":false},"author":2,"featured_media":0,"parent":0,"menu_order":0,"comment_status":"closed","ping_status":"closed","template":"","meta":{"footnotes":""},"class_list":["post-74","page","type-page","status-publish","hentry","entry"],"_links":{"self":[{"href":"https:\/\/www.orchiebalene.de\/index.php\/wp-json\/wp\/v2\/pages\/74","targetHints":{"allow":["GET"]}}],"collection":[{"href":"https:\/\/www.orchiebalene.de\/index.php\/wp-json\/wp\/v2\/pages"}],"about":[{"href":"https:\/\/www.orchiebalene.de\/index.php\/wp-json\/wp\/v2\/types\/page"}],"author":[{"embeddable":true,"href":"https:\/\/www.orchiebalene.de\/index.php\/wp-json\/wp\/v2\/users\/2"}],"replies":[{"embeddable":true,"href":"https:\/\/www.orchiebalene.de\/index.php\/wp-json\/wp\/v2\/comments?post=74"}],"version-history":[{"count":11,"href":"https:\/\/www.orchiebalene.de\/index.php\/wp-json\/wp\/v2\/pages\/74\/revisions"}],"predecessor-version":[{"id":179,"href":"https:\/\/www.orchiebalene.de\/index.php\/wp-json\/wp\/v2\/pages\/74\/revisions\/179"}],"wp:attachment":[{"href":"https:\/\/www.orchiebalene.de\/index.php\/wp-json\/wp\/v2\/media?parent=74"}],"curies":[{"name":"wp","href":"https:\/\/api.w.org\/{rel}","templated":true}]}}